{"id":107,"date":"2024-05-07T05:25:39","date_gmt":"2024-05-07T05:25:39","guid":{"rendered":"http:\/\/xinterio-demo.pbminfotech.com\/demo1\/?page_id=1647"},"modified":"2026-04-14T14:53:17","modified_gmt":"2026-04-14T14:53:17","slug":"arraja-centre-dappareillage-orthepedique-et-de-podologie","status":"publish","type":"page","link":"https:\/\/arraja.tn\/an\/","title":{"rendered":"Home"},"content":{"rendered":"<p> La pratique sportive impose de fortes pressions sur le corps, en particulier sur les\u2026<br \/>\n\t\t<a href=\"https:\/\/arraja.tn\/besoins-specifiques-des-athletes-prevention-des-blessures-aux-pieds\/\" title=\"Go to Besoins Sp\u00e9cifiques des Athl\u00e8tes : Pr\u00e9vention des Blessures aux Pieds\"><\/a><br \/>\n<\/article>\n<p>\t\t\t <!-- .pbmit-element-posts-wrapper --><br \/>\n\t\t\t\t\t\t\t\t\t\t\t\t<!-- .pbmit-element-inner --><br \/>\n\t\t\t<!-- .pbminfotech-element --><\/p>\n","protected":false},"excerpt":{"rendered":"<p>La pratique sportive impose de fortes pressions sur le corps, en particulier sur les\u2026<\/p>\n","protected":false},"author":4,"featured_media":0,"parent":0,"menu_order":0,"comment_status":"closed","ping_status":"closed","template":"","meta":{"_acf_changed":false,"inline_featured_image":false,"footnotes":""},"class_list":["post-107","page","type-page","status-publish","hentry"],"translation":{"provider":"WPGlobus","version":"2.12.2","language":"an","enabled_languages":["fr","ar","an"],"languages":{"fr":{"title":true,"content":true,"excerpt":false},"ar":{"title":true,"content":false,"excerpt":false},"an":{"title":true,"content":false,"excerpt":false}}},"acf":[],"yoast_head":"<!-- This site is optimized with the Yoast SEO plugin v27.5 - https:\/\/yoast.com\/product\/yoast-seo-wordpress\/ -->\n<title>Centre d&#039;appareillage orthop\u00e9dique et de podologie Sfax Tunis<\/title>\n<meta name=\"robots\" content=\"index, follow, max-snippet:-1, max-image-preview:large, max-video-preview:-1\" \/>\n<link rel=\"canonical\" href=\"https:\/\/arraja.tn\/\" \/>\n<meta property=\"og:locale\" content=\"en_US\" \/>\n<meta property=\"og:type\" content=\"article\" \/>\n<meta property=\"og:title\" content=\"Centre for Orthopedic Appliance and Podiatry -\" \/>\n<meta property=\"og:description\" content=\"Centre for Orthopedic Appliance and Podiatry -\" \/>\n<meta property=\"og:url\" content=\"https:\/\/arraja.tn\/\" \/>\n<meta property=\"og:site_name\" content=\"Centre for Orthopedic Appliance and Podiatry\" \/>\n<meta property=\"article:modified_time\" content=\"2026-04-14T14:53:17+00:00\" \/>\n<meta property=\"og:image\" content=\"https:\/\/arraja.tn\/wp-content\/uploads\/2024\/10\/ghj-1024x853.png\" \/>\n\t<meta property=\"og:image:width\" content=\"1200\" \/>\n\t<meta property=\"og:image:height\" content=\"1000\" \/>\n\t<meta property=\"og:image:type\" content=\"image\/png\" \/>\n<meta name=\"twitter:card\" content=\"summary_large_image\" \/>\n<meta name=\"twitter:label1\" content=\"Est. reading time\" \/>\n\t<meta name=\"twitter:data1\" content=\"10 minutes\" \/>\n<script type=\"application\/ld+json\" class=\"yoast-schema-graph\">{\"@context\":\"https:\\\/\\\/schema.org\",\"@graph\":[{\"@type\":\"WebPage\",\"@id\":\"https:\\\/\\\/arraja.tn\\\/\",\"url\":\"https:\\\/\\\/arraja.tn\\\/\",\"name\":\"Centre d'appareillage orthop\u00e9dique et de podologie Sfax Tunis\",\"isPartOf\":{\"@id\":\"https:\\\/\\\/arraja.tn\\\/#website\"},\"datePublished\":\"2024-05-07T05:25:39+00:00\",\"dateModified\":\"2026-04-14T14:53:17+00:00\",\"description\":\"ARRAJA Centre d'appareillage orthop\u00e9dique et de podologie, offre des solutions sur mesure \u00e0 Sfax et Tunis pour votre bien-\u00eatre\",\"breadcrumb\":{\"@id\":\"https:\\\/\\\/arraja.tn\\\/#breadcrumb\"},\"inLanguage\":\"en-USA\",\"potentialAction\":[{\"@type\":\"ReadAction\",\"target\":[\"https:\\\/\\\/arraja.tn\\\/\"]}]},{\"@type\":\"BreadcrumbList\",\"@id\":\"https:\\\/\\\/arraja.tn\\\/#breadcrumb\",\"itemListElement\":[{\"@type\":\"ListItem\",\"position\":1,\"name\":\"Home\",\"item\":\"https:\\\/\\\/arraja.tn\\\/\"},{\"@type\":\"ListItem\",\"position\":2,\"name\":\"Home\"}]},{\"@type\":\"WebSite\",\"@id\":\"https:\\\/\\\/arraja.tn\\\/#website\",\"url\":\"https:\\\/\\\/arraja.tn\\\/\",\"name\":\"{:fr}Centre Arraja d'appareillage orthop\u00e9dique et de podologie{:}{:ar}\u0645\u0631\u0643\u0632 \u0627\u0644\u0631\u062c\u0627\u0621 \u0644\u0644\u0622\u0644\u0627\u062a \u0627\u0644\u0645\u0642\u0648\u0645\u0629 \u0644\u0644\u0623\u0639\u0636\u0627\u0621 \u0648 \u062a\u062f\u0631\u064a\u0645 \u0627\u0644\u0642\u062f\u0645{:}{:an}Centre for Orthopedic Appliance and Podiatry{:}\",\"description\":\"\",\"publisher\":{\"@id\":\"https:\\\/\\\/arraja.tn\\\/#organization\"},\"potentialAction\":[{\"@type\":\"SearchAction\",\"target\":{\"@type\":\"EntryPoint\",\"urlTemplate\":\"https:\\\/\\\/arraja.tn\\\/?s={search_term_string}\"},\"query-input\":{\"@type\":\"PropertyValueSpecification\",\"valueRequired\":true,\"valueName\":\"search_term_string\"}}],\"inLanguage\":\"en-USA\"},{\"@type\":\"Organization\",\"@id\":\"https:\\\/\\\/arraja.tn\\\/#organization\",\"name\":\"{:fr}Centre Arraja d'appareillage orthop\u00e9dique et de podologie{:}{:ar}\u0645\u0631\u0643\u0632 \u0627\u0644\u0631\u062c\u0627\u0621 \u0644\u0644\u0622\u0644\u0627\u062a \u0627\u0644\u0645\u0642\u0648\u0645\u0629 \u0644\u0644\u0623\u0639\u0636\u0627\u0621 \u0648 \u062a\u062f\u0631\u064a\u0645 \u0627\u0644\u0642\u062f\u0645{:}{:an}Centre for Orthopedic Appliance and Podiatry{:}\",\"url\":\"https:\\\/\\\/arraja.tn\\\/\",\"logo\":{\"@type\":\"ImageObject\",\"inLanguage\":\"en-USA\",\"@id\":\"https:\\\/\\\/arraja.tn\\\/#\\\/schema\\\/logo\\\/image\\\/\",\"url\":\"https:\\\/\\\/arraja.tn\\\/wp-content\\\/uploads\\\/2024\\\/11\\\/arrajalogo2.png\",\"contentUrl\":\"https:\\\/\\\/arraja.tn\\\/wp-content\\\/uploads\\\/2024\\\/11\\\/arrajalogo2.png\",\"width\":1000,\"height\":248,\"caption\":\"{:fr}Centre Arraja d'appareillage orthop\u00e9dique et de podologie{:}{:ar}\u0645\u0631\u0643\u0632 \u0627\u0644\u0631\u062c\u0627\u0621 \u0644\u0644\u0622\u0644\u0627\u062a \u0627\u0644\u0645\u0642\u0648\u0645\u0629 \u0644\u0644\u0623\u0639\u0636\u0627\u0621 \u0648 \u062a\u062f\u0631\u064a\u0645 \u0627\u0644\u0642\u062f\u0645{:}{:an}Centre for Orthopedic Appliance and Podiatry{:}\"},\"image\":{\"@id\":\"https:\\\/\\\/arraja.tn\\\/#\\\/schema\\\/logo\\\/image\\\/\"}}]}<\/script>\n<!-- \/ Yoast SEO plugin. -->","yoast_head_json":{"title":"Centre d'appareillage orthop\u00e9dique et de podologie Sfax Tunis","robots":{"index":"index","follow":"follow","max-snippet":"max-snippet:-1","max-image-preview":"max-image-preview:large","max-video-preview":"max-video-preview:-1"},"canonical":"https:\/\/arraja.tn\/","og_locale":"en_US","og_type":"article","og_title":"Centre for Orthopedic Appliance and Podiatry -","og_description":"Centre for Orthopedic Appliance and Podiatry -","og_url":"https:\/\/arraja.tn\/","og_site_name":"Centre for Orthopedic Appliance and Podiatry","article_modified_time":"2026-04-14T14:53:17+00:00","og_image":[{"width":1200,"height":1000,"url":"https:\/\/arraja.tn\/wp-content\/uploads\/2024\/10\/ghj-1024x853.png","type":"image\/png"}],"twitter_card":"summary_large_image","twitter_misc":{"Est. reading time":"10 minutes"},"schema":{"@context":"https:\/\/schema.org","@graph":[{"@type":"WebPage","@id":"https:\/\/arraja.tn\/","url":"https:\/\/arraja.tn\/","name":"Centre d'appareillage orthop\u00e9dique et de podologie Sfax Tunis","isPartOf":{"@id":"https:\/\/arraja.tn\/#website"},"datePublished":"2024-05-07T05:25:39+00:00","dateModified":"2026-04-14T14:53:17+00:00","description":"ARRAJA Centre d'appareillage orthop\u00e9dique et de podologie, offre des solutions sur mesure \u00e0 Sfax et Tunis pour votre bien-\u00eatre","breadcrumb":{"@id":"https:\/\/arraja.tn\/#breadcrumb"},"inLanguage":"en-USA","potentialAction":[{"@type":"ReadAction","target":["https:\/\/arraja.tn\/"]}]},{"@type":"BreadcrumbList","@id":"https:\/\/arraja.tn\/#breadcrumb","itemListElement":[{"@type":"ListItem","position":1,"name":"Home","item":"https:\/\/arraja.tn\/"},{"@type":"ListItem","position":2,"name":"Home"}]},{"@type":"WebSite","@id":"https:\/\/arraja.tn\/#website","url":"https:\/\/arraja.tn\/","name":"{:fr}Centre Arraja d'appareillage orthop\u00e9dique et de podologie{:}{:ar}\u0645\u0631\u0643\u0632 \u0627\u0644\u0631\u062c\u0627\u0621 \u0644\u0644\u0622\u0644\u0627\u062a \u0627\u0644\u0645\u0642\u0648\u0645\u0629 \u0644\u0644\u0623\u0639\u0636\u0627\u0621 \u0648 \u062a\u062f\u0631\u064a\u0645 \u0627\u0644\u0642\u062f\u0645{:}{:an}Centre for Orthopedic Appliance and Podiatry{:}","description":"","publisher":{"@id":"https:\/\/arraja.tn\/#organization"},"potentialAction":[{"@type":"SearchAction","target":{"@type":"EntryPoint","urlTemplate":"https:\/\/arraja.tn\/?s={search_term_string}"},"query-input":{"@type":"PropertyValueSpecification","valueRequired":true,"valueName":"search_term_string"}}],"inLanguage":"en-USA"},{"@type":"Organization","@id":"https:\/\/arraja.tn\/#organization","name":"{:fr}Centre Arraja d'appareillage orthop\u00e9dique et de podologie{:}{:ar}\u0645\u0631\u0643\u0632 \u0627\u0644\u0631\u062c\u0627\u0621 \u0644\u0644\u0622\u0644\u0627\u062a \u0627\u0644\u0645\u0642\u0648\u0645\u0629 \u0644\u0644\u0623\u0639\u0636\u0627\u0621 \u0648 \u062a\u062f\u0631\u064a\u0645 \u0627\u0644\u0642\u062f\u0645{:}{:an}Centre for Orthopedic Appliance and Podiatry{:}","url":"https:\/\/arraja.tn\/","logo":{"@type":"ImageObject","inLanguage":"en-USA","@id":"https:\/\/arraja.tn\/#\/schema\/logo\/image\/","url":"https:\/\/arraja.tn\/wp-content\/uploads\/2024\/11\/arrajalogo2.png","contentUrl":"https:\/\/arraja.tn\/wp-content\/uploads\/2024\/11\/arrajalogo2.png","width":1000,"height":248,"caption":"{:fr}Centre Arraja d'appareillage orthop\u00e9dique et de podologie{:}{:ar}\u0645\u0631\u0643\u0632 \u0627\u0644\u0631\u062c\u0627\u0621 \u0644\u0644\u0622\u0644\u0627\u062a \u0627\u0644\u0645\u0642\u0648\u0645\u0629 \u0644\u0644\u0623\u0639\u0636\u0627\u0621 \u0648 \u062a\u062f\u0631\u064a\u0645 \u0627\u0644\u0642\u062f\u0645{:}{:an}Centre for Orthopedic Appliance and Podiatry{:}"},"image":{"@id":"https:\/\/arraja.tn\/#\/schema\/logo\/image\/"}}]}},"_links":{"self":[{"href":"https:\/\/arraja.tn\/an\/wp-json\/wp\/v2\/pages\/107","targetHints":{"allow":["GET"]}}],"collection":[{"href":"https:\/\/arraja.tn\/an\/wp-json\/wp\/v2\/pages"}],"about":[{"href":"https:\/\/arraja.tn\/an\/wp-json\/wp\/v2\/types\/page"}],"author":[{"embeddable":true,"href":"https:\/\/arraja.tn\/an\/wp-json\/wp\/v2\/users\/4"}],"replies":[{"embeddable":true,"href":"https:\/\/arraja.tn\/an\/wp-json\/wp\/v2\/comments?post=107"}],"version-history":[{"count":5,"href":"https:\/\/arraja.tn\/an\/wp-json\/wp\/v2\/pages\/107\/revisions"}],"predecessor-version":[{"id":4310,"href":"https:\/\/arraja.tn\/an\/wp-json\/wp\/v2\/pages\/107\/revisions\/4310"}],"wp:attachment":[{"href":"https:\/\/arraja.tn\/an\/wp-json\/wp\/v2\/media?parent=107"}],"curies":[{"name":"wp","href":"https:\/\/api.w.org\/{rel}","templated":true}]}}